{"id":12,"date":"2025-12-03T15:32:38","date_gmt":"2025-12-03T15:32:38","guid":{"rendered":"https:\/\/procesaproyectostenerife.rkinformatika.online\/?page_id=12"},"modified":"2025-12-16T15:23:13","modified_gmt":"2025-12-16T15:23:13","slug":"inicio","status":"publish","type":"page","link":"https:\/\/procesaproyectostenerife.com\/en\/","title":{"rendered":"Home"},"content":{"rendered":"<div data-elementor-type=\"wp-page\" data-elementor-id=\"12\" class=\"elementor elementor-12\" data-elementor-post-type=\"page\">\n\t\t\t\t<div class=\"elementor-element elementor-element-fa069f7 e-flex e-con-boxed e-con e-parent\" data-id=\"fa069f7\" data-element_type=\"container\" data-e-type=\"container\" data-settings=\"{&quot;background_background&quot;:&quot;classic&quot;}\">\n\t\t\t\t\t<div class=\"e-con-inner\">\n\t\t\t\t<div class=\"elementor-element elementor-element-0d1e602 elementor-widget-mobile__width-initial elementor-widget elementor-widget-heading\" data-id=\"0d1e602\" data-element_type=\"widget\" data-e-type=\"widget\" data-widget_type=\"heading.default\">\n\t\t\t\t\t<h2 class=\"elementor-heading-title elementor-size-default\">We transform ideas into real architecture.<\/h2>\t\t\t\t<\/div>\n\t\t\t\t\t<\/div>\n\t\t\t\t<\/div>\n\t\t<div class=\"elementor-element elementor-element-0b7b465 e-flex e-con-boxed e-con e-parent\" data-id=\"0b7b465\" data-element_type=\"container\" data-e-type=\"container\">\n\t\t\t\t\t<div class=\"e-con-inner\">\n\t\t<div class=\"elementor-element elementor-element-d484ee9 e-con-full e-flex e-con e-child\" data-id=\"d484ee9\" data-element_type=\"container\" data-e-type=\"container\">\n\t\t\t\t<div class=\"elementor-element elementor-element-44def94 elementor-widget elementor-widget-heading\" data-id=\"44def94\" data-element_type=\"widget\" data-e-type=\"widget\" data-widget_type=\"heading.default\">\n\t\t\t\t\t<h2 class=\"elementor-heading-title elementor-size-default\">About Us:<\/h2>\t\t\t\t<\/div>\n\t\t\t\t<div class=\"elementor-element elementor-element-08cfdd6 elementor-widget elementor-widget-text-editor\" data-id=\"08cfdd6\" data-element_type=\"widget\" data-e-type=\"widget\" data-widget_type=\"text-editor.default\">\n\t\t\t\t\t\t\t\t\t<p>The company was founded to bring together all the services of the construction process in one place, eliminating intermediaries and guaranteeing direct and efficient communication. We accompany the client from land surveying to first occupancy, managing deeds, developing and executing the project, and coordinating all services. Our goal is to offer a comprehensive, transparent, and reliable service that simplifies each stage and ensures quality results.<\/p>\t\t\t\t\t\t\t\t<\/div>\n\t\t\t\t<div class=\"elementor-element elementor-element-1f5225e elementor-align-center elementor-widget elementor-widget-button\" data-id=\"1f5225e\" data-element_type=\"widget\" data-e-type=\"widget\" data-widget_type=\"button.default\">\n\t\t\t\t\t\t\t\t\t\t<a class=\"elementor-button elementor-button-link elementor-size-sm\" href=\"https:\/\/procesaproyectostenerife.com\/en\/servicios\/\">\n\t\t\t\t\t\t<span class=\"elementor-button-content-wrapper\">\n\t\t\t\t\t\t\t\t\t<span class=\"elementor-button-text\">SERVICES<\/span>\n\t\t\t\t\t<\/span>\n\t\t\t\t\t<\/a>\n\t\t\t\t\t\t\t\t<\/div>\n\t\t\t\t<\/div>\n\t\t\t\t\t<\/div>\n\t\t\t\t<\/div>\n\t\t\t\t<\/div>","protected":false},"excerpt":{"rendered":"<p>Transformamos ideas en arquitectura real. Sobre Nosotros: La empresa naci\u00f3 para reunir en un solo lugar todos los servicios del proceso constructivo, eliminando intermediarios y garantizando comunicaci\u00f3n directa y eficiente. Acompa\u00f1amos al cliente desde la medici\u00f3n del terreno hasta la primera ocupaci\u00f3n, gestionando escrituras, desarrollando y ejecutando el proyecto y coordinando todos los servicios. Nuestro [&hellip;]<\/p>\n","protected":false},"author":1,"featured_media":0,"parent":0,"menu_order":0,"comment_status":"closed","ping_status":"closed","template":"elementor_canvas","meta":{"footnotes":""},"class_list":["post-12","page","type-page","status-publish","hentry"],"yoast_head":"<!-- This site is optimized with the Yoast SEO plugin v27.3 - https:\/\/yoast.com\/product\/yoast-seo-wordpress\/ -->\n<title>Inicio - PROCESA PROYECTOS TENERIFE SLU<\/title>\n<meta name=\"robots\" content=\"index, follow, max-snippet:-1, max-image-preview:large, max-video-preview:-1\" \/>\n<link rel=\"canonical\" href=\"https:\/\/procesaproyectostenerife.com\/en\/\" \/>\n<meta property=\"og:locale\" content=\"en_GB\" \/>\n<meta property=\"og:type\" content=\"article\" \/>\n<meta property=\"og:title\" content=\"Inicio - PROCESA PROYECTOS TENERIFE SLU\" \/>\n<meta property=\"og:description\" content=\"Transformamos ideas en arquitectura real. Sobre Nosotros: La empresa naci\u00f3 para reunir en un solo lugar todos los servicios del proceso constructivo, eliminando intermediarios y garantizando comunicaci\u00f3n directa y eficiente. Acompa\u00f1amos al cliente desde la medici\u00f3n del terreno hasta la primera ocupaci\u00f3n, gestionando escrituras, desarrollando y ejecutando el proyecto y coordinando todos los servicios. Nuestro [&hellip;]\" \/>\n<meta property=\"og:url\" content=\"https:\/\/procesaproyectostenerife.com\/en\/\" \/>\n<meta property=\"og:site_name\" content=\"PROCESA PROYECTOS TENERIFE SLU\" \/>\n<meta property=\"article:modified_time\" content=\"2025-12-16T15:23:13+00:00\" \/>\n<meta name=\"twitter:card\" content=\"summary_large_image\" \/>\n<meta name=\"twitter:label1\" content=\"Estimated reading time\" \/>\n\t<meta name=\"twitter:data1\" content=\"1 minute\" \/>\n<script type=\"application\/ld+json\" class=\"yoast-schema-graph\">{\"@context\":\"https:\\\/\\\/schema.org\",\"@graph\":[{\"@type\":\"WebPage\",\"@id\":\"https:\\\/\\\/procesaproyectostenerife.com\\\/\",\"url\":\"https:\\\/\\\/procesaproyectostenerife.com\\\/\",\"name\":\"Inicio - PROCESA PROYECTOS TENERIFE SLU\",\"isPartOf\":{\"@id\":\"https:\\\/\\\/procesaproyectostenerife.com\\\/#website\"},\"datePublished\":\"2025-12-03T15:32:38+00:00\",\"dateModified\":\"2025-12-16T15:23:13+00:00\",\"breadcrumb\":{\"@id\":\"https:\\\/\\\/procesaproyectostenerife.com\\\/#breadcrumb\"},\"inLanguage\":\"en-GB\",\"potentialAction\":[{\"@type\":\"ReadAction\",\"target\":[\"https:\\\/\\\/procesaproyectostenerife.com\\\/\"]}]},{\"@type\":\"BreadcrumbList\",\"@id\":\"https:\\\/\\\/procesaproyectostenerife.com\\\/#breadcrumb\",\"itemListElement\":[{\"@type\":\"ListItem\",\"position\":1,\"name\":\"Portada\",\"item\":\"https:\\\/\\\/procesaproyectostenerife.com\\\/\"},{\"@type\":\"ListItem\",\"position\":2,\"name\":\"Inicio\"}]},{\"@type\":\"WebSite\",\"@id\":\"https:\\\/\\\/procesaproyectostenerife.com\\\/#website\",\"url\":\"https:\\\/\\\/procesaproyectostenerife.com\\\/\",\"name\":\"PROCESA PROYECTOS TENERIFE SLU\",\"description\":\"Empresa dedicada a todo el procesa constructivo\",\"publisher\":{\"@id\":\"https:\\\/\\\/procesaproyectostenerife.com\\\/#organization\"},\"potentialAction\":[{\"@type\":\"SearchAction\",\"target\":{\"@type\":\"EntryPoint\",\"urlTemplate\":\"https:\\\/\\\/procesaproyectostenerife.com\\\/?s={search_term_string}\"},\"query-input\":{\"@type\":\"PropertyValueSpecification\",\"valueRequired\":true,\"valueName\":\"search_term_string\"}}],\"inLanguage\":\"en-GB\"},{\"@type\":\"Organization\",\"@id\":\"https:\\\/\\\/procesaproyectostenerife.com\\\/#organization\",\"name\":\"PROCESA PROYECTOS TENERIFE SLU\",\"url\":\"https:\\\/\\\/procesaproyectostenerife.com\\\/\",\"logo\":{\"@type\":\"ImageObject\",\"inLanguage\":\"en-GB\",\"@id\":\"https:\\\/\\\/procesaproyectostenerife.com\\\/#\\\/schema\\\/logo\\\/image\\\/\",\"url\":\"https:\\\/\\\/procesaproyectostenerife.com\\\/wp-content\\\/uploads\\\/2025\\\/12\\\/cropped-procesaproyectos202511_logoticket.jpg\",\"contentUrl\":\"https:\\\/\\\/procesaproyectostenerife.com\\\/wp-content\\\/uploads\\\/2025\\\/12\\\/cropped-procesaproyectos202511_logoticket.jpg\",\"width\":413,\"height\":204,\"caption\":\"PROCESA PROYECTOS TENERIFE SLU\"},\"image\":{\"@id\":\"https:\\\/\\\/procesaproyectostenerife.com\\\/#\\\/schema\\\/logo\\\/image\\\/\"}}]}<\/script>\n<!-- \/ Yoast SEO plugin. -->","yoast_head_json":{"title":"Inicio - PROCESA PROYECTOS TENERIFE SLU","robots":{"index":"index","follow":"follow","max-snippet":"max-snippet:-1","max-image-preview":"max-image-preview:large","max-video-preview":"max-video-preview:-1"},"canonical":"https:\/\/procesaproyectostenerife.com\/en\/","og_locale":"en_GB","og_type":"article","og_title":"Inicio - PROCESA PROYECTOS TENERIFE SLU","og_description":"Transformamos ideas en arquitectura real. Sobre Nosotros: La empresa naci\u00f3 para reunir en un solo lugar todos los servicios del proceso constructivo, eliminando intermediarios y garantizando comunicaci\u00f3n directa y eficiente. Acompa\u00f1amos al cliente desde la medici\u00f3n del terreno hasta la primera ocupaci\u00f3n, gestionando escrituras, desarrollando y ejecutando el proyecto y coordinando todos los servicios. Nuestro [&hellip;]","og_url":"https:\/\/procesaproyectostenerife.com\/en\/","og_site_name":"PROCESA PROYECTOS TENERIFE SLU","article_modified_time":"2025-12-16T15:23:13+00:00","twitter_card":"summary_large_image","twitter_misc":{"Estimated reading time":"1 minute"},"schema":{"@context":"https:\/\/schema.org","@graph":[{"@type":"WebPage","@id":"https:\/\/procesaproyectostenerife.com\/","url":"https:\/\/procesaproyectostenerife.com\/","name":"Inicio - PROCESA PROYECTOS TENERIFE SLU","isPartOf":{"@id":"https:\/\/procesaproyectostenerife.com\/#website"},"datePublished":"2025-12-03T15:32:38+00:00","dateModified":"2025-12-16T15:23:13+00:00","breadcrumb":{"@id":"https:\/\/procesaproyectostenerife.com\/#breadcrumb"},"inLanguage":"en-GB","potentialAction":[{"@type":"ReadAction","target":["https:\/\/procesaproyectostenerife.com\/"]}]},{"@type":"BreadcrumbList","@id":"https:\/\/procesaproyectostenerife.com\/#breadcrumb","itemListElement":[{"@type":"ListItem","position":1,"name":"Portada","item":"https:\/\/procesaproyectostenerife.com\/"},{"@type":"ListItem","position":2,"name":"Inicio"}]},{"@type":"WebSite","@id":"https:\/\/procesaproyectostenerife.com\/#website","url":"https:\/\/procesaproyectostenerife.com\/","name":"PROCESA PROYECTOS TENERIFE SLU","description":"Empresa dedicada a todo el procesa constructivo","publisher":{"@id":"https:\/\/procesaproyectostenerife.com\/#organization"},"potentialAction":[{"@type":"SearchAction","target":{"@type":"EntryPoint","urlTemplate":"https:\/\/procesaproyectostenerife.com\/?s={search_term_string}"},"query-input":{"@type":"PropertyValueSpecification","valueRequired":true,"valueName":"search_term_string"}}],"inLanguage":"en-GB"},{"@type":"Organization","@id":"https:\/\/procesaproyectostenerife.com\/#organization","name":"PROCESA PROYECTOS TENERIFE SLU","url":"https:\/\/procesaproyectostenerife.com\/","logo":{"@type":"ImageObject","inLanguage":"en-GB","@id":"https:\/\/procesaproyectostenerife.com\/#\/schema\/logo\/image\/","url":"https:\/\/procesaproyectostenerife.com\/wp-content\/uploads\/2025\/12\/cropped-procesaproyectos202511_logoticket.jpg","contentUrl":"https:\/\/procesaproyectostenerife.com\/wp-content\/uploads\/2025\/12\/cropped-procesaproyectos202511_logoticket.jpg","width":413,"height":204,"caption":"PROCESA PROYECTOS TENERIFE SLU"},"image":{"@id":"https:\/\/procesaproyectostenerife.com\/#\/schema\/logo\/image\/"}}]}},"_links":{"self":[{"href":"https:\/\/procesaproyectostenerife.com\/en\/wp-json\/wp\/v2\/pages\/12","targetHints":{"allow":["GET"]}}],"collection":[{"href":"https:\/\/procesaproyectostenerife.com\/en\/wp-json\/wp\/v2\/pages"}],"about":[{"href":"https:\/\/procesaproyectostenerife.com\/en\/wp-json\/wp\/v2\/types\/page"}],"author":[{"embeddable":true,"href":"https:\/\/procesaproyectostenerife.com\/en\/wp-json\/wp\/v2\/users\/1"}],"replies":[{"embeddable":true,"href":"https:\/\/procesaproyectostenerife.com\/en\/wp-json\/wp\/v2\/comments?post=12"}],"version-history":[{"count":217,"href":"https:\/\/procesaproyectostenerife.com\/en\/wp-json\/wp\/v2\/pages\/12\/revisions"}],"predecessor-version":[{"id":510,"href":"https:\/\/procesaproyectostenerife.com\/en\/wp-json\/wp\/v2\/pages\/12\/revisions\/510"}],"wp:attachment":[{"href":"https:\/\/procesaproyectostenerife.com\/en\/wp-json\/wp\/v2\/media?parent=12"}],"curies":[{"name":"wp","href":"https:\/\/api.w.org\/{rel}","templated":true}]}}